{"id":3725,"date":"2018-12-17T17:00:32","date_gmt":"2018-12-17T16:00:32","guid":{"rendered":"https:\/\/www.revecaraibes.com\/?page_id=3725"},"modified":"2022-11-11T15:51:26","modified_gmt":"2022-11-11T14:51:26","slug":"villa-antilles","status":"publish","type":"page","link":"https:\/\/www.revecaraibes.com\/en\/villa-antilles\/","title":{"rendered":"Services"},"content":{"rendered":"<div class=\"wpb-content-wrapper\"><p>[vc_row row_content_width=&#8221;grid&#8221; content_text_aligment=&#8221;left&#8221; css=&#8221;.vc_custom_1543854252589{padding-top: 87px !important;padding-bottom: 40px !important;}&#8221;][vc_column]<h2 class=\"eltd-custom-font-holder  eltd-cf-7477  \" style=\"font-family: Quentin;font-size: 120px;text-align: center;color: #c5dfdc;margin: 0 0 -18px 0\" data-item-class=\"eltd-cf-7477\" data-font-size-1024=\"98px\" data-font-size-768=\"88px\" data-font-size-680=\"42px\" data-line-height-680=\"56px\">\n\tOur services<\/h2><div class=\"eltd-section-title-holder   text-align-center eltd-animated-separator\" style=\"text-align: center\">\n\t<div class=\"eltd-st-inner\">\n\t\t\t\t\t<h1 class=\"eltd-st-title\" >\n\t\t\t\tServices in the villa\t\t\t<\/h1>\n\t\t\t\t<div class=\"eltd-separator-holder clearfix  eltd-separator-center \">\t<div class=\"eltd-separator\" ><\/div><\/div>\t\t\t<\/div>\n<\/div><div class=\"eltd-elements-holder   eltd-one-column  eltd-responsive-mode-768 \" ><div class=\"eltd-eh-item    \"  data-item-class=\"eltd-eh-custom-7730\" data-1280-1600=\"0 136px 66px\" data-1024-1280=\"0 136px 66px\" data-768-1024=\"0 0 66px\" data-680-768=\"0 0 66px\" data-680=\"0 0 66px\">\n\t<div class=\"eltd-eh-item-inner\">\n\t\t<div class=\"eltd-eh-item-content eltd-eh-custom-7730\" style=\"padding: 0 234px 66px\">\n\t\t\t[vc_column_text]<\/p>\n<h5 style=\"text-align: center; margin-top: 2px;\">We will be delighted to welcome you with a homemade &#8220;Ti&#8217;punch&#8221; upon your arrival with also your first breakfast offered .<\/h5>\n<p>[\/vc_column_text]\t\t<\/div>\n\t<\/div>\n<\/div><\/div>[\/vc_column][\/vc_row][vc_row content_placement=&#8221;middle&#8221; row_content_width=&#8221;grid&#8221; css=&#8221;.vc_custom_1545044069508{margin-bottom: 150px !important;}&#8221; el_class=&#8221;bloc-img&#8221;][vc_column width=&#8221;1\/6&#8243; el_class=&#8221;width-img&#8221;][vc_single_image image=&#8221;3727&#8243; img_size=&#8221;80&#215;80&#8243; alignment=&#8221;right&#8221; el_class=&#8221;width-img&#8221;][\/vc_column][vc_column width=&#8221;1\/6&#8243;][vc_column_text]A parking place.[\/vc_column_text][\/vc_column][vc_column width=&#8221;1\/6&#8243; el_class=&#8221;width-img&#8221;][vc_single_image image=&#8221;3729&#8243; img_size=&#8221;80&#215;80&#8243; alignment=&#8221;right&#8221;][\/vc_column][vc_column width=&#8221;1\/6&#8243;][vc_column_text]Access to the infinity edge pool (unattended) with sunbathing.[\/vc_column_text][\/vc_column][vc_column width=&#8221;1\/6&#8243; el_class=&#8221;width-img&#8221;][vc_single_image image=&#8221;3738&#8243; img_size=&#8221;80&#215;80&#8243; alignment=&#8221;right&#8221;][\/vc_column][vc_column width=&#8221;1\/6&#8243;][vc_column_text]The linen (sheets, towels, tea towels, &#8230;) is provided and changed weekly.[\/vc_column_text][\/vc_column][\/vc_row][vc_row content_placement=&#8221;middle&#8221; row_content_width=&#8221;grid&#8221; css=&#8221;.vc_custom_1545044069508{margin-bottom: 150px !important;}&#8221; el_class=&#8221;bloc-img&#8221;][vc_column width=&#8221;1\/6&#8243; el_class=&#8221;width-img&#8221;][vc_single_image image=&#8221;3728&#8243; img_size=&#8221;80&#215;80&#8243; alignment=&#8221;right&#8221;][\/vc_column][vc_column width=&#8221;1\/6&#8243;][vc_column_text]Wireless Internet Access[\/vc_column_text][\/vc_column][vc_column width=&#8221;1\/6&#8243; offset=&#8221;vc_hidden-lg vc_hidden-md vc_hidden-sm vc_hidden-xs&#8221;][vc_single_image image=&#8221;4986&#8243; img_size=&#8221;80&#215;80&#8243; alignment=&#8221;right&#8221;][\/vc_column][vc_column width=&#8221;1\/6&#8243; offset=&#8221;vc_hidden-lg vc_hidden-md vc_hidden-sm vc_hidden-xs&#8221;][vc_column_text]Beach towel rental (5\u20ac per week and per person).[\/vc_column_text][\/vc_column][\/vc_row][vc_row css=&#8221;.vc_custom_1545064420527{margin-bottom: 70px !important;}&#8221;][vc_column][vc_column_text]<\/p>\n<h4 style=\"text-align: center;\">Services upon request<\/h4>\n<p>[\/vc_column_text]<div class=\"eltd-separator-holder clearfix  eltd-separator-center \">\n\t<div class=\"eltd-separator\" style=\"width: 44px;border-bottom-width: 1px;margin-top: 20px;margin-bottom: 0px\"><\/div>\n<\/div>\n[\/vc_column][\/vc_row][vc_row content_placement=&#8221;middle&#8221; row_content_width=&#8221;grid&#8221; css=&#8221;.vc_custom_1545044069508{margin-bottom: 150px !important;}&#8221; el_class=&#8221;bloc-img&#8221;][vc_column width=&#8221;1\/6&#8243; el_class=&#8221;width-img&#8221;][vc_single_image image=&#8221;3734&#8243; img_size=&#8221;80&#215;80&#8243; alignment=&#8221;right&#8221;][\/vc_column][vc_column width=&#8221;1\/6&#8243;][vc_column_text]Child bed and chair[\/vc_column_text][\/vc_column][vc_column width=&#8221;1\/6&#8243; el_class=&#8221;width-img&#8221;][vc_single_image image=&#8221;3735&#8243; img_size=&#8221;80&#215;80&#8243; alignment=&#8221;right&#8221;][\/vc_column][vc_column width=&#8221;1\/6&#8243;][vc_column_text]Cooler and picnic equipment[\/vc_column_text][\/vc_column][\/vc_row][vc_row css=&#8221;.vc_custom_1545064471330{margin-bottom: 70px !important;}&#8221;][vc_column][vc_column_text]<\/p>\n<h4 style=\"text-align: center;\">Services available for a fee<\/h4>\n<p>[\/vc_column_text]<div class=\"eltd-separator-holder clearfix  eltd-separator-center \">\n\t<div class=\"eltd-separator\" style=\"width: 44px;border-bottom-width: 1px;margin-top: 20px;margin-bottom: 0px\"><\/div>\n<\/div>\n[\/vc_column][\/vc_row][vc_row content_placement=&#8221;middle&#8221; row_content_width=&#8221;grid&#8221; css=&#8221;.vc_custom_1545044069508{margin-bottom: 150px !important;}&#8221; el_class=&#8221;bloc-img&#8221;][vc_column width=&#8221;1\/6&#8243; el_class=&#8221;width-img&#8221;][vc_single_image image=&#8221;3736&#8243; img_size=&#8221;80&#215;80&#8243; alignment=&#8221;right&#8221;][\/vc_column][vc_column width=&#8221;1\/6&#8243;][vc_column_text]Cleaning (50 \u20ac fee).[\/vc_column_text][\/vc_column][vc_column width=&#8221;1\/6&#8243; el_class=&#8221;width-img&#8221;][vc_single_image image=&#8221;4986&#8243; img_size=&#8221;80&#215;80&#8243; alignment=&#8221;right&#8221;][\/vc_column][vc_column width=&#8221;1\/6&#8243;][vc_column_text]Beach towel rental (5\u20ac per week and per person).[\/vc_column_text][\/vc_column][vc_column width=&#8221;1\/6&#8243;][vc_single_image image=&#8221;4992&#8243; img_size=&#8221;80&#215;80&#8243; alignment=&#8221;right&#8221;][\/vc_column][vc_column width=&#8221;1\/6&#8243;][vc_column_text]Possible order of smoked chicken\/ribs with fries\/sweet potato fries (contact us).[\/vc_column_text][\/vc_column][\/vc_row][vc_row content_placement=&#8221;middle&#8221; row_content_width=&#8221;grid&#8221; css=&#8221;.vc_custom_1545044069508{margin-bottom: 150px !important;}&#8221; el_class=&#8221;bloc-img&#8221;][vc_column width=&#8221;1\/6&#8243; el_class=&#8221;width-img&#8221; offset=&#8221;vc_hidden-lg vc_hidden-md vc_hidden-sm vc_hidden-xs&#8221;][vc_single_image image=&#8221;3732&#8243; img_size=&#8221;80&#215;80&#8243; alignment=&#8221;right&#8221;][\/vc_column][vc_column width=&#8221;1\/6&#8243; offset=&#8221;vc_hidden-lg vc_hidden-md vc_hidden-sm vc_hidden-xs&#8221;][vc_column_text]Medical (doctor).[\/vc_column_text][\/vc_column][vc_column width=&#8221;1\/6&#8243; el_class=&#8221;width-img&#8221; offset=&#8221;vc_hidden-lg vc_hidden-md vc_hidden-sm vc_hidden-xs&#8221;][vc_single_image image=&#8221;4004&#8243; img_size=&#8221;80&#215;80&#8243; alignment=&#8221;right&#8221;][\/vc_column][vc_column width=&#8221;1\/6&#8243; offset=&#8221;vc_hidden-lg vc_hidden-md vc_hidden-sm vc_hidden-xs&#8221;][vc_column_text]Europcar.[\/vc_column_text][\/vc_column][vc_column width=&#8221;1\/6&#8243; offset=&#8221;vc_hidden-lg vc_hidden-md vc_hidden-sm vc_hidden-xs&#8221;][vc_single_image image=&#8221;3733&#8243; img_size=&#8221;80&#215;80&#8243; alignment=&#8221;right&#8221;][\/vc_column][vc_column width=&#8221;1\/6&#8243; offset=&#8221;vc_hidden-lg vc_hidden-md vc_hidden-sm vc_hidden-xs&#8221;][vc_column_text]Restaurants \/ caterers.[\/vc_column_text][\/vc_column][\/vc_row][vc_row css=&#8221;.vc_custom_1547212535367{padding-top: 82px !important;padding-bottom: 121px !important;background-color: #8dc5bf !important;background-position: center !important;background-repeat: no-repeat !important;background-size: cover !important;}&#8221; anchor=&#8221;contact-form&#8221;][vc_column]<div class=\"eltd-elements-holder   eltd-one-column  eltd-responsive-mode-768 \" ><div class=\"eltd-eh-item   eltd-horizontal-alignment-center \"  data-item-class=\"eltd-eh-custom-9210\" data-1280-1600=\"0 22.5%\" data-1024-1280=\"0 19.5%\" data-768-1024=\"0 12.5%\" data-680-768=\"0 12.5%\" data-680=\"0% 10%\">\n\t<div class=\"eltd-eh-item-inner\">\n\t\t<div class=\"eltd-eh-item-content eltd-eh-custom-9210\" >\n\t\t\t<h2 class=\"eltd-custom-font-holder  eltd-cf-1353  \" style=\"font-family: Quentin;font-size: 120px;text-align: center;color: #ffffff;margin: 0 0 -18px 0\" data-item-class=\"eltd-cf-1353\" data-font-size-1024=\"98px\" data-font-size-768=\"88px\" data-font-size-680=\"42px\" data-line-height-680=\"56px\">\n\tContact<\/h2><div class=\"eltd-section-title-holder   text-align-center eltd-animated-separator\" style=\"text-align: center\">\n\t<div class=\"eltd-st-inner\">\n\t\t\t\t\t<h2 class=\"eltd-st-title\" style=\"color: #000000\">\n\t\t\t\tWe are listening to you.\t\t\t<\/h2>\n\t\t\t\t<div class=\"eltd-separator-holder clearfix  eltd-separator-center \">\t<div class=\"eltd-separator\" style=\"border-color: #000000\"><\/div><\/div>\t\t\t<\/div>\n<\/div>[vc_column_text el_class=&#8221;social&#8221;]<\/p>\n<p style=\"text-align: center;\">G\u00eete R\u00eave Cara\u00efbes, 5 R\u00e9sidence du soleil couchant<\/p>\n<p style=\"text-align: center;\">Quartier Pigeon\/poirier 97125 BOUILLANTE &#8211; 06.90.49.50.44<\/p>\n<p>    <span class=\"eltd-icon-shortcode normal   eltd-icon-tiny\"  data-hover-color=\"#c5dfdc\">\n                    <a itemprop=\"url\" class=\"\" href=\"https:\/\/www.prod.facebook.com\/gitesrevecaraibes\/\" target=\"_blank\">\n                    <i class=\"eltd-icon-font-awesome fa fa-facebook-official eltd-icon-element\" style=\"\" ><\/i>                    <\/a>\n            <\/span>\n     <span class=\"eltd-icon-shortcode normal   eltd-icon-tiny\"  data-hover-color=\"#c5dfdc\">\n                    <a itemprop=\"url\" class=\"\" href=\"https:\/\/www.instagram.com\/revecaraibes\/\" target=\"_blank\">\n                    <i class=\"eltd-icon-font-awesome fa fa-instagram eltd-icon-element\" style=\"\" ><\/i>                    <\/a>\n            <\/span>\n[\/vc_column_text][vc_column_text el_id=&#8221;contact-form-home&#8221;]\n<div class=\"wpcf7 no-js\" id=\"wpcf7-f4637-o2\" lang=\"en-US\" dir=\"ltr\">\n<div class=\"screen-reader-response\"><p role=\"status\" aria-live=\"polite\" aria-atomic=\"true\"><\/p> <ul><\/ul><\/div>\n<form action=\"\/en\/wp-json\/wp\/v2\/pages\/3725#wpcf7-f4637-o2\" method=\"post\" class=\"wpcf7-form init\" aria-label=\"Contact form\" novalidate=\"novalidate\" data-status=\"init\">\n<div style=\"display: none;\">\n<input type=\"hidden\" name=\"_wpcf7\" value=\"4637\" \/>\n<input type=\"hidden\" name=\"_wpcf7_version\" value=\"5.9.8\" \/>\n<input type=\"hidden\" name=\"_wpcf7_locale\" value=\"en_US\" \/>\n<input type=\"hidden\" name=\"_wpcf7_unit_tag\" value=\"wpcf7-f4637-o2\" \/>\n<input type=\"hidden\" name=\"_wpcf7_container_post\" value=\"0\" \/>\n<input type=\"hidden\" name=\"_wpcf7_posted_data_hash\" value=\"\" \/>\n<input type=\"hidden\" name=\"_wpcf7_recaptcha_response\" value=\"\" \/>\n<\/div>\n<div class=\"eltd-contact-form\">\n\t<div class=\"eltd-contact-form-name\">\n\t\t<p><span class=\"wpcf7-form-control-wrap\" data-name=\"your-name\"><input size=\"40\" maxlength=\"400\" class=\"wpcf7-form-control wpcf7-text wpcf7-validates-as-required\" aria-required=\"true\" aria-invalid=\"false\" placeholder=\"Last Name First Name*\" value=\"\" type=\"text\" name=\"your-name\" \/><\/span>\n\t\t<\/p>\n\t<\/div>\n\t<div class=\"eltd-contact-form-email\">\n\t\t<p><span class=\"wpcf7-form-control-wrap\" data-name=\"your-email\"><input size=\"40\" maxlength=\"400\" class=\"wpcf7-form-control wpcf7-email wpcf7-validates-as-required wpcf7-text wpcf7-validates-as-email\" aria-required=\"true\" aria-invalid=\"false\" placeholder=\"E-mail*\" value=\"\" type=\"email\" name=\"your-email\" \/><\/span>\n\t\t<\/p>\n\t<\/div>\n\t<div class=\"eltd-contact-form-text\">\n\t\t<p><span class=\"wpcf7-form-control-wrap\" data-name=\"your-message\"><textarea cols=\"40\" rows=\"6\" maxlength=\"2000\" class=\"wpcf7-form-control wpcf7-textarea\" aria-invalid=\"false\" placeholder=\"Your message...\" name=\"your-message\"><\/textarea><\/span>\n\t\t<\/p>\n\t<\/div>\n\t<p><span style=\"float:left; margin:2px 15px 25px 0px !important;\"><span class=\"wpcf7-form-control-wrap\" data-name=\"consentRgpd\"><span class=\"wpcf7-form-control wpcf7-checkbox\"><span class=\"wpcf7-list-item first last\"><input type=\"checkbox\" name=\"consentRgpd[]\" value=\"By checking this box and submitting this form, I accept that my personal data will be used to contact me in the context of my request indicated on this form. No other treatment will be done with my information.\" \/><span class=\"wpcf7-list-item-label\">By checking this box and submitting this form, I accept that my personal data will be used to contact me in the context of my request indicated on this form. No other treatment will be done with my information.<\/span><\/span><\/span><\/span><\/span>\n\t<\/p>\n\t<p><input class=\"wpcf7-form-control wpcf7-submit has-spinner\" type=\"submit\" value=\"Send\" \/>\n\t<\/p>\n\t<p style=\"font-style:italic;margin-top:25px;\"><br \/>\nTo know and exercise your rights, including the withdrawal of your consent to the use of data collected by this form, <a href=\"\/politique-de-confidentialite\" style=\"font-weight:bold;\">please consult our privacy policy.<\/a>.\n\t<\/p>\n<\/div><div class=\"wpcf7-response-output\" aria-hidden=\"true\"><\/div>\n<\/form>\n<\/div>\n[\/vc_column_text]\t\t<\/div>\n\t<\/div>\n<\/div><\/div>[\/vc_column][\/vc_row]<\/p>\n<\/div>","protected":false},"excerpt":{"rendered":"<p>[vc_row row_content_width=&#8221;grid&#8221; content_text_aligment=&#8221;left&#8221; css=&#8221;.vc_custom_1543854252589{padding-top: 87px !important;padding-bottom: 40px !important;}&#8221;][vc_column][\/vc_column][\/vc_row][vc_row content_placement=&#8221;middle&#8221; row_content_width=&#8221;grid&#8221; css=&#8221;.vc_custom_1545044069508{margin-bottom: 150px !important;}&#8221; el_class=&#8221;bloc-img&#8221;][vc_column width=&#8221;1\/6&#8243; el_class=&#8221;width-img&#8221;][vc_single_image image=&#8221;3727&#8243; img_size=&#8221;80&#215;80&#8243; alignment=&#8221;right&#8221; el_class=&#8221;width-img&#8221;][\/vc_column][vc_column width=&#8221;1\/6&#8243;][vc_column_text]A parking place.[\/vc_column_text][\/vc_column][vc_column width=&#8221;1\/6&#8243; el_class=&#8221;width-img&#8221;][vc_single_image image=&#8221;3729&#8243; img_size=&#8221;80&#215;80&#8243; alignment=&#8221;right&#8221;][\/vc_column][vc_column width=&#8221;1\/6&#8243;][vc_column_text]Access to the infinity edge pool (unattended) with sunbathing.[\/vc_column_text][\/vc_column][vc_column width=&#8221;1\/6&#8243; el_class=&#8221;width-img&#8221;][vc_single_image image=&#8221;3738&#8243; [&hellip;]<\/p>\n","protected":false},"author":1,"featured_media":0,"parent":0,"menu_order":0,"comment_status":"closed","ping_status":"closed","template":"full-width.php","meta":{"footnotes":""},"yoast_head":"<!-- This site is optimized with the Yoast SEO plugin v24.5 - https:\/\/yoast.com\/wordpress\/plugins\/seo\/ -->\n<title>Location vacances en Guadeloupe, services de la villa - R\u00eave Cara\u00efbes<\/title>\n<meta name=\"description\" content=\"La Villa R\u00eave Cara\u00efbes offre une large gamme de services disponibles pour emb\u00e9lir vos vacances en Guadeloupe au coeur des Antilles \u00e0 Bouillante (Basse Terre).\" \/>\n<meta name=\"robots\" content=\"index, follow, max-snippet:-1, max-image-preview:large, max-video-preview:-1\" \/>\n<link rel=\"canonical\" href=\"https:\/\/www.revecaraibes.com\/villa-antilles\/\" \/>\n<meta property=\"og:locale\" content=\"en_US\" \/>\n<meta property=\"og:type\" content=\"article\" \/>\n<meta property=\"og:title\" content=\"Location vacances en Guadeloupe, services de la villa - R\u00eave Cara\u00efbes\" \/>\n<meta property=\"og:description\" content=\"La Villa R\u00eave Cara\u00efbes offre une large gamme de services disponibles pour emb\u00e9lir vos vacances en Guadeloupe au coeur des Antilles \u00e0 Bouillante (Basse Terre).\" \/>\n<meta property=\"og:url\" content=\"https:\/\/www.revecaraibes.com\/villa-antilles\/\" \/>\n<meta property=\"og:site_name\" content=\"R\u00eave Cara\u00efbes\" \/>\n<meta property=\"article:publisher\" content=\"https:\/\/www.prod.facebook.com\/gitesrevecaraibes\/\" \/>\n<meta property=\"article:modified_time\" content=\"2022-11-11T14:51:26+00:00\" \/>\n<meta name=\"twitter:card\" content=\"summary_large_image\" \/>\n<meta name=\"twitter:label1\" content=\"Est. reading time\" \/>\n\t<meta name=\"twitter:data1\" content=\"3 minutes\" \/>\n<script type=\"application\/ld+json\" class=\"yoast-schema-graph\">{\"@context\":\"https:\/\/schema.org\",\"@graph\":[{\"@type\":\"WebPage\",\"@id\":\"https:\/\/www.revecaraibes.com\/villa-antilles\/\",\"url\":\"https:\/\/www.revecaraibes.com\/villa-antilles\/\",\"name\":\"Location vacances en Guadeloupe, services de la villa - R\u00eave Cara\u00efbes\",\"isPartOf\":{\"@id\":\"https:\/\/www.revecaraibes.com\/#website\"},\"datePublished\":\"2018-12-17T16:00:32+00:00\",\"dateModified\":\"2022-11-11T14:51:26+00:00\",\"description\":\"La Villa R\u00eave Cara\u00efbes offre une large gamme de services disponibles pour emb\u00e9lir vos vacances en Guadeloupe au coeur des Antilles \u00e0 Bouillante (Basse Terre).\",\"breadcrumb\":{\"@id\":\"https:\/\/www.revecaraibes.com\/villa-antilles\/#breadcrumb\"},\"inLanguage\":\"en-US\",\"potentialAction\":[{\"@type\":\"ReadAction\",\"target\":[\"https:\/\/www.revecaraibes.com\/villa-antilles\/\"]}]},{\"@type\":\"BreadcrumbList\",\"@id\":\"https:\/\/www.revecaraibes.com\/villa-antilles\/#breadcrumb\",\"itemListElement\":[{\"@type\":\"ListItem\",\"position\":1,\"name\":\"Accueil\",\"item\":\"https:\/\/www.revecaraibes.com\/\"},{\"@type\":\"ListItem\",\"position\":2,\"name\":\"Services\"}]},{\"@type\":\"WebSite\",\"@id\":\"https:\/\/www.revecaraibes.com\/#website\",\"url\":\"https:\/\/www.revecaraibes.com\/\",\"name\":\"R\u00eave Cara\u00efbes\",\"description\":\"G\u00eete en Guadeloupe\",\"publisher\":{\"@id\":\"https:\/\/www.revecaraibes.com\/#organization\"},\"potentialAction\":[{\"@type\":\"SearchAction\",\"target\":{\"@type\":\"EntryPoint\",\"urlTemplate\":\"https:\/\/www.revecaraibes.com\/?s={search_term_string}\"},\"query-input\":{\"@type\":\"PropertyValueSpecification\",\"valueRequired\":true,\"valueName\":\"search_term_string\"}}],\"inLanguage\":\"en-US\"},{\"@type\":\"Organization\",\"@id\":\"https:\/\/www.revecaraibes.com\/#organization\",\"name\":\"R\u00eave Cara\u00efbes\",\"url\":\"https:\/\/www.revecaraibes.com\/\",\"logo\":{\"@type\":\"ImageObject\",\"inLanguage\":\"en-US\",\"@id\":\"https:\/\/www.revecaraibes.com\/#\/schema\/logo\/image\/\",\"url\":\"https:\/\/www.revecaraibes.com\/wp-content\/uploads\/2018\/02\/favicon.png\",\"contentUrl\":\"https:\/\/www.revecaraibes.com\/wp-content\/uploads\/2018\/02\/favicon.png\",\"width\":200,\"height\":200,\"caption\":\"R\u00eave Cara\u00efbes\"},\"image\":{\"@id\":\"https:\/\/www.revecaraibes.com\/#\/schema\/logo\/image\/\"},\"sameAs\":[\"https:\/\/www.prod.facebook.com\/gitesrevecaraibes\/\",\"https:\/\/www.instagram.com\/revecaraibes\/\"]}]}<\/script>\n<!-- \/ Yoast SEO plugin. -->","yoast_head_json":{"title":"Location vacances en Guadeloupe, services de la villa - R\u00eave Cara\u00efbes","description":"La Villa R\u00eave Cara\u00efbes offre une large gamme de services disponibles pour emb\u00e9lir vos vacances en Guadeloupe au coeur des Antilles \u00e0 Bouillante (Basse Terre).","robots":{"index":"index","follow":"follow","max-snippet":"max-snippet:-1","max-image-preview":"max-image-preview:large","max-video-preview":"max-video-preview:-1"},"canonical":"https:\/\/www.revecaraibes.com\/villa-antilles\/","og_locale":"en_US","og_type":"article","og_title":"Location vacances en Guadeloupe, services de la villa - R\u00eave Cara\u00efbes","og_description":"La Villa R\u00eave Cara\u00efbes offre une large gamme de services disponibles pour emb\u00e9lir vos vacances en Guadeloupe au coeur des Antilles \u00e0 Bouillante (Basse Terre).","og_url":"https:\/\/www.revecaraibes.com\/villa-antilles\/","og_site_name":"R\u00eave Cara\u00efbes","article_publisher":"https:\/\/www.prod.facebook.com\/gitesrevecaraibes\/","article_modified_time":"2022-11-11T14:51:26+00:00","twitter_card":"summary_large_image","twitter_misc":{"Est. reading time":"3 minutes"},"schema":{"@context":"https:\/\/schema.org","@graph":[{"@type":"WebPage","@id":"https:\/\/www.revecaraibes.com\/villa-antilles\/","url":"https:\/\/www.revecaraibes.com\/villa-antilles\/","name":"Location vacances en Guadeloupe, services de la villa - R\u00eave Cara\u00efbes","isPartOf":{"@id":"https:\/\/www.revecaraibes.com\/#website"},"datePublished":"2018-12-17T16:00:32+00:00","dateModified":"2022-11-11T14:51:26+00:00","description":"La Villa R\u00eave Cara\u00efbes offre une large gamme de services disponibles pour emb\u00e9lir vos vacances en Guadeloupe au coeur des Antilles \u00e0 Bouillante (Basse Terre).","breadcrumb":{"@id":"https:\/\/www.revecaraibes.com\/villa-antilles\/#breadcrumb"},"inLanguage":"en-US","potentialAction":[{"@type":"ReadAction","target":["https:\/\/www.revecaraibes.com\/villa-antilles\/"]}]},{"@type":"BreadcrumbList","@id":"https:\/\/www.revecaraibes.com\/villa-antilles\/#breadcrumb","itemListElement":[{"@type":"ListItem","position":1,"name":"Accueil","item":"https:\/\/www.revecaraibes.com\/"},{"@type":"ListItem","position":2,"name":"Services"}]},{"@type":"WebSite","@id":"https:\/\/www.revecaraibes.com\/#website","url":"https:\/\/www.revecaraibes.com\/","name":"R\u00eave Cara\u00efbes","description":"G\u00eete en Guadeloupe","publisher":{"@id":"https:\/\/www.revecaraibes.com\/#organization"},"potentialAction":[{"@type":"SearchAction","target":{"@type":"EntryPoint","urlTemplate":"https:\/\/www.revecaraibes.com\/?s={search_term_string}"},"query-input":{"@type":"PropertyValueSpecification","valueRequired":true,"valueName":"search_term_string"}}],"inLanguage":"en-US"},{"@type":"Organization","@id":"https:\/\/www.revecaraibes.com\/#organization","name":"R\u00eave Cara\u00efbes","url":"https:\/\/www.revecaraibes.com\/","logo":{"@type":"ImageObject","inLanguage":"en-US","@id":"https:\/\/www.revecaraibes.com\/#\/schema\/logo\/image\/","url":"https:\/\/www.revecaraibes.com\/wp-content\/uploads\/2018\/02\/favicon.png","contentUrl":"https:\/\/www.revecaraibes.com\/wp-content\/uploads\/2018\/02\/favicon.png","width":200,"height":200,"caption":"R\u00eave Cara\u00efbes"},"image":{"@id":"https:\/\/www.revecaraibes.com\/#\/schema\/logo\/image\/"},"sameAs":["https:\/\/www.prod.facebook.com\/gitesrevecaraibes\/","https:\/\/www.instagram.com\/revecaraibes\/"]}]}},"_links":{"self":[{"href":"https:\/\/www.revecaraibes.com\/en\/wp-json\/wp\/v2\/pages\/3725"}],"collection":[{"href":"https:\/\/www.revecaraibes.com\/en\/wp-json\/wp\/v2\/pages"}],"about":[{"href":"https:\/\/www.revecaraibes.com\/en\/wp-json\/wp\/v2\/types\/page"}],"author":[{"embeddable":true,"href":"https:\/\/www.revecaraibes.com\/en\/wp-json\/wp\/v2\/users\/1"}],"replies":[{"embeddable":true,"href":"https:\/\/www.revecaraibes.com\/en\/wp-json\/wp\/v2\/comments?post=3725"}],"version-history":[{"count":29,"href":"https:\/\/www.revecaraibes.com\/en\/wp-json\/wp\/v2\/pages\/3725\/revisions"}],"predecessor-version":[{"id":5024,"href":"https:\/\/www.revecaraibes.com\/en\/wp-json\/wp\/v2\/pages\/3725\/revisions\/5024"}],"wp:attachment":[{"href":"https:\/\/www.revecaraibes.com\/en\/wp-json\/wp\/v2\/media?parent=3725"}],"curies":[{"name":"wp","href":"https:\/\/api.w.org\/{rel}","templated":true}]}}