{"id":4145,"date":"2019-01-11T15:10:48","date_gmt":"2019-01-11T14:10:48","guid":{"rendered":"https:\/\/www.revecaraibes.com\/?page_id=4145"},"modified":"2019-09-19T14:21:30","modified_gmt":"2019-09-19T12:21:30","slug":"mentions-legales","status":"publish","type":"page","link":"https:\/\/www.revecaraibes.com\/en\/mentions-legales\/","title":{"rendered":"Legal Notice"},"content":{"rendered":"<h3>\u00c9diteur du site<\/h3>\n<p><strong><a href=\"https:\/\/www.revecaraibes.com\/\">www.revecaraibes.com<\/a>\u00a0<\/strong>\u00a0est le site de R\u00eave Cara\u00efbes dont le si\u00e8ge est bas\u00e9 \u00e0 :<br \/>\nGite R\u00eave Cara\u00efbes<\/p>\n<p>5 R\u00e9sidence du soleil couchant<\/p>\n<p>Quartier Pigeon\/poirier<br \/>\n97125 BOUILLANTE<br \/>\n<strong>t\u00e9l.<\/strong>\u00a006 90 49 50 44<br \/>\n<strong>eMail :<\/strong>\u00a0contact@revecaraibes.com<\/p>\n<p><strong>Siret :\u00a0<\/strong><strong>842 539 116<\/strong><\/p>\n<p><strong>Tva Intracommunautaire :\u00a0<\/strong><strong>FR90842539116<\/strong><\/p>\n<p><strong>Capital :\u00a0<\/strong><strong>2000 euros<\/strong><\/p>\n<p><strong>Responsable de la r\u00e9daction &amp; Directeur de la publication :\u00a0<\/strong><strong>J\u00e9r\u00f4me Poirier<\/strong><\/p>\n<h3>H\u00e9bergeur<\/h3>\n<p><strong>OCEANET TECHNOLOGY<\/strong><br \/>\nSAS au capital de 1 530 000 euros<\/p>\n<p>2 impasse Jos\u00e9phine Baker<br \/>\n44800 SAINT HERBLAIN<\/p>\n<p><strong>Tel.<\/strong>\u00a002.28.03.78.78<\/p>\n<h3>Donn\u00e9es personnelles \u2013 Protection de la vie priv\u00e9e<\/h3>\n<p>Conform\u00e9ment \u00e0 la loi \u00ab\u00a0Informatique et Libert\u00e9s\u00a0\u00bb du 6 janvier 1978 modifi\u00e9e, vous disposez d\u2019un droit d\u2019acc\u00e8s, de rectification et de suppression des donn\u00e9es vous concernant. Vous pouvez nous contacter :<br \/>\npar courrier \u00e9lectronique contact@revecaraibes.com<br \/>\npar courrier postal \u00e0 Gite R\u00eave Cara\u00efbes\u00a05 R\u00e9sidence du soleil couchant 97125 BOUILLANTE<\/p>\n<h3>Propri\u00e9t\u00e9 intellectuelle<\/h3>\n<p>Ce site Internet est une \u0153uvre de l\u2019esprit originale. Elle b\u00e9n\u00e9ficie d\u2019une protection juridique en vertu de la loi fran\u00e7aise. Cette \u0153uvre, dans les pays autres que la France, est prot\u00e9g\u00e9e par les conventions internationales et notamment la Convention de Berne sur la protection des \u0153uvres litt\u00e9raires et artistiques.<\/p>\n<p>En cons\u00e9quence sont autoris\u00e9es :<br \/>\nla reproduction \u00e0 titre priv\u00e9, la cr\u00e9ation d\u2019un lien hypertexte sans frame,<br \/>\net l\u2019utilisation publique sous r\u00e9serve de l\u2019acceptation pr\u00e9alable du Directeur de la publication.<\/p>\n<h3>Cookies<\/h3>\n<p>Au cours de votre visite sur le site Internet www.revecaraibes.com.<br \/>\nLes cookies sont des fichiers stock\u00e9s sur votre ordinateur qui collectent temporairement, certaines donn\u00e9es anonymes de navigation, ensuite transmises \u00e0 notre syst\u00e8me, via votre navigateur.<br \/>\nLes navigateurs acceptent automatiquement ces cookies, mais il vous est possible de les supprimer ou de les d\u00e9sactiver, sans pour autant affecter votre navigation. En compl\u00e9ment des cookies, nous utilisons un outil d\u2019analyse d\u2019audience internet, nous fournissant un ensemble de donn\u00e9es sur la navigation des internautes sur notre site.<\/p>\n<h3>Liens hypertextes<\/h3>\n<p>Le site de R\u00eave Cara\u00efbes peut contenir des liens hypertextes allant vers d\u2019autres sites. Nous ne prenons aucun engagement concernant tout autre site auquel vous pourriez avoir acc\u00e8s via notre site et nous ne serions en aucune fa\u00e7on \u00eatre responsables du contenu, du fonctionnement et de l\u2019acc\u00e8s \u00e0 ces sites.<\/p>\n","protected":false},"excerpt":{"rendered":"<p>\u00c9diteur du site www.revecaraibes.com\u00a0\u00a0est le site de R\u00eave Cara\u00efbes dont le si\u00e8ge est bas\u00e9 \u00e0 : Gite R\u00eave Cara\u00efbes 5 R\u00e9sidence du soleil couchant Quartier Pigeon\/poirier 97125 BOUILLANTE t\u00e9l.\u00a006 90 49 50 44 eMail :\u00a0contact@revecaraibes.com Siret :\u00a0842 539 116 Tva [&hellip;]<\/p>\n","protected":false},"author":1,"featured_media":0,"parent":0,"menu_order":0,"comment_status":"closed","ping_status":"closed","template":"","meta":{"footnotes":""},"yoast_head":"<!-- This site is optimized with the Yoast SEO plugin v24.5 - https:\/\/yoast.com\/wordpress\/plugins\/seo\/ -->\n<title>Legal Notice - R\u00eave Cara\u00efbes<\/title>\n<meta name=\"robots\" content=\"index, follow, max-snippet:-1, max-image-preview:large, max-video-preview:-1\" \/>\n<link rel=\"canonical\" href=\"https:\/\/www.revecaraibes.com\/mentions-legales\/\" \/>\n<meta property=\"og:locale\" content=\"en_US\" \/>\n<meta property=\"og:type\" content=\"article\" \/>\n<meta property=\"og:title\" content=\"[:fr]Mentions l\u00e9gales[:en]Legal Notice[:] - R\u00eave Cara\u00efbes\" \/>\n<meta property=\"og:description\" content=\"\u00c9diteur du site www.revecaraibes.com\u00a0\u00a0est le site de R\u00eave Cara\u00efbes dont le si\u00e8ge est bas\u00e9 \u00e0 : Gite R\u00eave Cara\u00efbes 5 R\u00e9sidence du soleil couchant Quartier Pigeon\/poirier 97125 BOUILLANTE t\u00e9l.\u00a006 90 49 50 44 eMail :\u00a0contact@revecaraibes.com Siret :\u00a0842 539 116 Tva [&hellip;]\" \/>\n<meta property=\"og:url\" content=\"https:\/\/www.revecaraibes.com\/mentions-legales\/\" \/>\n<meta property=\"og:site_name\" content=\"R\u00eave Cara\u00efbes\" \/>\n<meta property=\"article:publisher\" content=\"https:\/\/www.prod.facebook.com\/gitesrevecaraibes\/\" \/>\n<meta property=\"article:modified_time\" content=\"2019-09-19T12:21:30+00:00\" \/>\n<meta name=\"twitter:card\" content=\"summary_large_image\" \/>\n<meta name=\"twitter:label1\" content=\"Est. reading time\" \/>\n\t<meta name=\"twitter:data1\" content=\"2 minutes\" \/>\n<script type=\"application\/ld+json\" class=\"yoast-schema-graph\">{\"@context\":\"https:\/\/schema.org\",\"@graph\":[{\"@type\":\"WebPage\",\"@id\":\"https:\/\/www.revecaraibes.com\/mentions-legales\/\",\"url\":\"https:\/\/www.revecaraibes.com\/mentions-legales\/\",\"name\":\"[:fr]Mentions l\u00e9gales[:en]Legal Notice[:] - R\u00eave Cara\u00efbes\",\"isPartOf\":{\"@id\":\"https:\/\/www.revecaraibes.com\/#website\"},\"datePublished\":\"2019-01-11T14:10:48+00:00\",\"dateModified\":\"2019-09-19T12:21:30+00:00\",\"breadcrumb\":{\"@id\":\"https:\/\/www.revecaraibes.com\/mentions-legales\/#breadcrumb\"},\"inLanguage\":\"en-US\",\"potentialAction\":[{\"@type\":\"ReadAction\",\"target\":[\"https:\/\/www.revecaraibes.com\/mentions-legales\/\"]}]},{\"@type\":\"BreadcrumbList\",\"@id\":\"https:\/\/www.revecaraibes.com\/mentions-legales\/#breadcrumb\",\"itemListElement\":[{\"@type\":\"ListItem\",\"position\":1,\"name\":\"Accueil\",\"item\":\"https:\/\/www.revecaraibes.com\/\"},{\"@type\":\"ListItem\",\"position\":2,\"name\":\"Mentions l\u00e9gales\"}]},{\"@type\":\"WebSite\",\"@id\":\"https:\/\/www.revecaraibes.com\/#website\",\"url\":\"https:\/\/www.revecaraibes.com\/\",\"name\":\"R\u00eave Cara\u00efbes\",\"description\":\"G\u00eete en Guadeloupe\",\"publisher\":{\"@id\":\"https:\/\/www.revecaraibes.com\/#organization\"},\"potentialAction\":[{\"@type\":\"SearchAction\",\"target\":{\"@type\":\"EntryPoint\",\"urlTemplate\":\"https:\/\/www.revecaraibes.com\/?s={search_term_string}\"},\"query-input\":{\"@type\":\"PropertyValueSpecification\",\"valueRequired\":true,\"valueName\":\"search_term_string\"}}],\"inLanguage\":\"en-US\"},{\"@type\":\"Organization\",\"@id\":\"https:\/\/www.revecaraibes.com\/#organization\",\"name\":\"R\u00eave Cara\u00efbes\",\"url\":\"https:\/\/www.revecaraibes.com\/\",\"logo\":{\"@type\":\"ImageObject\",\"inLanguage\":\"en-US\",\"@id\":\"https:\/\/www.revecaraibes.com\/#\/schema\/logo\/image\/\",\"url\":\"https:\/\/www.revecaraibes.com\/wp-content\/uploads\/2018\/02\/favicon.png\",\"contentUrl\":\"https:\/\/www.revecaraibes.com\/wp-content\/uploads\/2018\/02\/favicon.png\",\"width\":200,\"height\":200,\"caption\":\"R\u00eave Cara\u00efbes\"},\"image\":{\"@id\":\"https:\/\/www.revecaraibes.com\/#\/schema\/logo\/image\/\"},\"sameAs\":[\"https:\/\/www.prod.facebook.com\/gitesrevecaraibes\/\",\"https:\/\/www.instagram.com\/revecaraibes\/\"]}]}<\/script>\n<!-- \/ Yoast SEO plugin. -->","yoast_head_json":{"title":"[:fr]Mentions l\u00e9gales[:en]Legal Notice[:] - R\u00eave Cara\u00efbes","robots":{"index":"index","follow":"follow","max-snippet":"max-snippet:-1","max-image-preview":"max-image-preview:large","max-video-preview":"max-video-preview:-1"},"canonical":"https:\/\/www.revecaraibes.com\/mentions-legales\/","og_locale":"en_US","og_type":"article","og_title":"[:fr]Mentions l\u00e9gales[:en]Legal Notice[:] - R\u00eave Cara\u00efbes","og_description":"\u00c9diteur du site www.revecaraibes.com\u00a0\u00a0est le site de R\u00eave Cara\u00efbes dont le si\u00e8ge est bas\u00e9 \u00e0 : Gite R\u00eave Cara\u00efbes 5 R\u00e9sidence du soleil couchant Quartier Pigeon\/poirier 97125 BOUILLANTE t\u00e9l.\u00a006 90 49 50 44 eMail :\u00a0contact@revecaraibes.com Siret :\u00a0842 539 116 Tva [&hellip;]","og_url":"https:\/\/www.revecaraibes.com\/mentions-legales\/","og_site_name":"R\u00eave Cara\u00efbes","article_publisher":"https:\/\/www.prod.facebook.com\/gitesrevecaraibes\/","article_modified_time":"2019-09-19T12:21:30+00:00","twitter_card":"summary_large_image","twitter_misc":{"Est. reading time":"2 minutes"},"schema":{"@context":"https:\/\/schema.org","@graph":[{"@type":"WebPage","@id":"https:\/\/www.revecaraibes.com\/mentions-legales\/","url":"https:\/\/www.revecaraibes.com\/mentions-legales\/","name":"[:fr]Mentions l\u00e9gales[:en]Legal Notice[:] - R\u00eave Cara\u00efbes","isPartOf":{"@id":"https:\/\/www.revecaraibes.com\/#website"},"datePublished":"2019-01-11T14:10:48+00:00","dateModified":"2019-09-19T12:21:30+00:00","breadcrumb":{"@id":"https:\/\/www.revecaraibes.com\/mentions-legales\/#breadcrumb"},"inLanguage":"en-US","potentialAction":[{"@type":"ReadAction","target":["https:\/\/www.revecaraibes.com\/mentions-legales\/"]}]},{"@type":"BreadcrumbList","@id":"https:\/\/www.revecaraibes.com\/mentions-legales\/#breadcrumb","itemListElement":[{"@type":"ListItem","position":1,"name":"Accueil","item":"https:\/\/www.revecaraibes.com\/"},{"@type":"ListItem","position":2,"name":"Mentions l\u00e9gales"}]},{"@type":"WebSite","@id":"https:\/\/www.revecaraibes.com\/#website","url":"https:\/\/www.revecaraibes.com\/","name":"R\u00eave Cara\u00efbes","description":"G\u00eete en Guadeloupe","publisher":{"@id":"https:\/\/www.revecaraibes.com\/#organization"},"potentialAction":[{"@type":"SearchAction","target":{"@type":"EntryPoint","urlTemplate":"https:\/\/www.revecaraibes.com\/?s={search_term_string}"},"query-input":{"@type":"PropertyValueSpecification","valueRequired":true,"valueName":"search_term_string"}}],"inLanguage":"en-US"},{"@type":"Organization","@id":"https:\/\/www.revecaraibes.com\/#organization","name":"R\u00eave Cara\u00efbes","url":"https:\/\/www.revecaraibes.com\/","logo":{"@type":"ImageObject","inLanguage":"en-US","@id":"https:\/\/www.revecaraibes.com\/#\/schema\/logo\/image\/","url":"https:\/\/www.revecaraibes.com\/wp-content\/uploads\/2018\/02\/favicon.png","contentUrl":"https:\/\/www.revecaraibes.com\/wp-content\/uploads\/2018\/02\/favicon.png","width":200,"height":200,"caption":"R\u00eave Cara\u00efbes"},"image":{"@id":"https:\/\/www.revecaraibes.com\/#\/schema\/logo\/image\/"},"sameAs":["https:\/\/www.prod.facebook.com\/gitesrevecaraibes\/","https:\/\/www.instagram.com\/revecaraibes\/"]}]}},"_links":{"self":[{"href":"https:\/\/www.revecaraibes.com\/en\/wp-json\/wp\/v2\/pages\/4145"}],"collection":[{"href":"https:\/\/www.revecaraibes.com\/en\/wp-json\/wp\/v2\/pages"}],"about":[{"href":"https:\/\/www.revecaraibes.com\/en\/wp-json\/wp\/v2\/types\/page"}],"author":[{"embeddable":true,"href":"https:\/\/www.revecaraibes.com\/en\/wp-json\/wp\/v2\/users\/1"}],"replies":[{"embeddable":true,"href":"https:\/\/www.revecaraibes.com\/en\/wp-json\/wp\/v2\/comments?post=4145"}],"version-history":[{"count":6,"href":"https:\/\/www.revecaraibes.com\/en\/wp-json\/wp\/v2\/pages\/4145\/revisions"}],"predecessor-version":[{"id":4627,"href":"https:\/\/www.revecaraibes.com\/en\/wp-json\/wp\/v2\/pages\/4145\/revisions\/4627"}],"wp:attachment":[{"href":"https:\/\/www.revecaraibes.com\/en\/wp-json\/wp\/v2\/media?parent=4145"}],"curies":[{"name":"wp","href":"https:\/\/api.w.org\/{rel}","templated":true}]}}